{"id":41,"date":"2021-07-09T20:21:01","date_gmt":"2021-07-09T20:21:01","guid":{"rendered":"http:\/\/zvomat.hr\/?page_id=41"},"modified":"2021-07-09T20:21:01","modified_gmt":"2021-07-09T20:21:01","slug":"meni","status":"publish","type":"page","link":"https:\/\/zvomat.hr\/?page_id=41","title":{"rendered":"Meni"},"content":{"rendered":"<div class=\"wp-block-columns\">\n<div class=\"wp-block-column\" style=\"flex-basis: 60%;\">\n<figure class=\"wp-block-image size-large\"><img loading=\"lazy\" class=\"alignnone wp-image-122 size-full\" src=\"http:\/\/zvomat.hr\/wp-content\/uploads\/2021\/07\/cordonbleupomfrit.jpeg\" alt=\"\" width=\"800\" height=\"450\" srcset=\"https:\/\/zvomat.hr\/wp-content\/uploads\/2021\/07\/cordonbleupomfrit.jpeg 800w, https:\/\/zvomat.hr\/wp-content\/uploads\/2021\/07\/cordonbleupomfrit-300x169.jpeg 300w, https:\/\/zvomat.hr\/wp-content\/uploads\/2021\/07\/cordonbleupomfrit-768x432.jpeg 768w, https:\/\/zvomat.hr\/wp-content\/uploads\/2021\/07\/cordonbleupomfrit-600x338.jpeg 600w\" sizes=\"(max-width: 800px) 100vw, 800px\" \/><\/figure>\n<\/div>\n<div class=\"wp-block-column\" style=\"flex-basis: 40%;\">\n<p style=\"font-size: 26px;\">Cordon bleu<\/p>\n<p style=\"font-size: 18px;\" data-wp-editing=\"1\">Pommes frites, tartar<\/p>\n<p style=\"font-size: 22px; margin-top: auto;\">40,00 kn<\/p>\n<\/div>\n<\/div>\n<div class=\"wp-block-columns\">\n<div class=\"wp-block-column\" style=\"flex-basis: 60%;\">\n<figure class=\"wp-block-image size-large\"><img loading=\"lazy\" class=\"alignnone wp-image-123 size-full\" src=\"http:\/\/zvomat.hr\/wp-content\/uploads\/2021\/07\/tortelinispinat.jpeg\" alt=\"\" width=\"800\" height=\"450\" srcset=\"https:\/\/zvomat.hr\/wp-content\/uploads\/2021\/07\/tortelinispinat.jpeg 800w, https:\/\/zvomat.hr\/wp-content\/uploads\/2021\/07\/tortelinispinat-300x169.jpeg 300w, https:\/\/zvomat.hr\/wp-content\/uploads\/2021\/07\/tortelinispinat-768x432.jpeg 768w, https:\/\/zvomat.hr\/wp-content\/uploads\/2021\/07\/tortelinispinat-600x338.jpeg 600w\" sizes=\"(max-width: 800px) 100vw, 800px\" \/><\/figure>\n<\/div>\n<div class=\"wp-block-column\" style=\"flex-basis: 40%;\">\n<p style=\"font-size: 26px;\">Tortelini<\/p>\n<p style=\"font-size: 22px; margin-top: auto;\">40,00 kn<\/p>\n<\/div>\n<\/div>\n<div class=\"wp-block-columns\">\n<div class=\"wp-block-column\" style=\"flex-basis: 60%;\">\n<figure class=\"wp-block-image size-large\"><img loading=\"lazy\" class=\"alignnone wp-image-124 size-full\" src=\"http:\/\/zvomat.hr\/wp-content\/uploads\/2021\/07\/svinjskiraznjicipomfrit.jpeg\" alt=\"\" width=\"800\" height=\"450\" srcset=\"https:\/\/zvomat.hr\/wp-content\/uploads\/2021\/07\/svinjskiraznjicipomfrit.jpeg 800w, https:\/\/zvomat.hr\/wp-content\/uploads\/2021\/07\/svinjskiraznjicipomfrit-300x169.jpeg 300w, https:\/\/zvomat.hr\/wp-content\/uploads\/2021\/07\/svinjskiraznjicipomfrit-768x432.jpeg 768w, https:\/\/zvomat.hr\/wp-content\/uploads\/2021\/07\/svinjskiraznjicipomfrit-600x338.jpeg 600w\" sizes=\"(max-width: 800px) 100vw, 800px\" \/><\/figure>\n<\/div>\n<div class=\"wp-block-column\" style=\"flex-basis: 40%;\">\n<p style=\"font-size: 26px;\">Svinjski ra\u017enji\u0107i<\/p>\n<p style=\"font-size: 18px;\">Pommes frites, ajvar<\/p>\n<p style=\"font-size: 22px; margin-top: auto;\">40,00 kn<\/p>\n<\/div>\n<\/div>\n<div class=\"wp-block-columns\">\n<div class=\"wp-block-column\" style=\"flex-basis: 60%;\">\n<figure class=\"wp-block-image size-large\"><img loading=\"lazy\" class=\"alignnone wp-image-125 size-full\" src=\"http:\/\/zvomat.hr\/wp-content\/uploads\/2021\/07\/svinjskikotletpomfrit.jpeg\" alt=\"\" width=\"800\" height=\"450\" srcset=\"https:\/\/zvomat.hr\/wp-content\/uploads\/2021\/07\/svinjskikotletpomfrit.jpeg 800w, https:\/\/zvomat.hr\/wp-content\/uploads\/2021\/07\/svinjskikotletpomfrit-300x169.jpeg 300w, https:\/\/zvomat.hr\/wp-content\/uploads\/2021\/07\/svinjskikotletpomfrit-768x432.jpeg 768w, https:\/\/zvomat.hr\/wp-content\/uploads\/2021\/07\/svinjskikotletpomfrit-600x338.jpeg 600w\" sizes=\"(max-width: 800px) 100vw, 800px\" \/><\/figure>\n<\/div>\n<div class=\"wp-block-column\" style=\"flex-basis: 40%;\">\n<p style=\"font-size: 26px;\">Kotlet s ro\u0161tilja<\/p>\n<p style=\"font-size: 18px;\">Pommes frites, ajvar<\/p>\n<p style=\"font-size: 22px; margin-top: auto;\">40,00 kn<\/p>\n<\/div>\n<\/div>\n<div class=\"wp-block-columns\">\n<div class=\"wp-block-column\" style=\"flex-basis: 60%;\">\n<figure class=\"wp-block-image size-large\"><img loading=\"lazy\" class=\"alignnone wp-image-127 size-full\" src=\"http:\/\/zvomat.hr\/wp-content\/uploads\/2021\/07\/pileciraznjici.jpeg\" alt=\"\" width=\"800\" height=\"450\" srcset=\"https:\/\/zvomat.hr\/wp-content\/uploads\/2021\/07\/pileciraznjici.jpeg 800w, https:\/\/zvomat.hr\/wp-content\/uploads\/2021\/07\/pileciraznjici-300x169.jpeg 300w, https:\/\/zvomat.hr\/wp-content\/uploads\/2021\/07\/pileciraznjici-768x432.jpeg 768w, https:\/\/zvomat.hr\/wp-content\/uploads\/2021\/07\/pileciraznjici-600x338.jpeg 600w\" sizes=\"(max-width: 800px) 100vw, 800px\" \/><\/figure>\n<\/div>\n<div class=\"wp-block-column\" style=\"flex-basis: 40%;\">\n<p style=\"font-size: 26px;\">Pile\u0107i ra\u017enji\u0107i<\/p>\n<p style=\"font-size: 18px;\">Kuhano povr\u0107e<\/p>\n<p style=\"font-size: 22px; margin-top: auto;\">40,00 kn<\/p>\n<\/div>\n<\/div>\n<div class=\"wp-block-columns\">\n<div class=\"wp-block-column\" style=\"flex-basis: 60%;\">\n<figure class=\"wp-block-image size-large\"><img loading=\"lazy\" class=\"alignnone wp-image-128 size-full\" src=\"http:\/\/zvomat.hr\/wp-content\/uploads\/2021\/07\/svinjskinaravnipomfrit.jpeg\" alt=\"\" width=\"800\" height=\"450\" srcset=\"https:\/\/zvomat.hr\/wp-content\/uploads\/2021\/07\/svinjskinaravnipomfrit.jpeg 800w, https:\/\/zvomat.hr\/wp-content\/uploads\/2021\/07\/svinjskinaravnipomfrit-300x169.jpeg 300w, https:\/\/zvomat.hr\/wp-content\/uploads\/2021\/07\/svinjskinaravnipomfrit-768x432.jpeg 768w, https:\/\/zvomat.hr\/wp-content\/uploads\/2021\/07\/svinjskinaravnipomfrit-600x338.jpeg 600w\" sizes=\"(max-width: 800px) 100vw, 800px\" \/><\/figure>\n<\/div>\n<div class=\"wp-block-column\" style=\"flex-basis: 40%;\">\n<p style=\"font-size: 26px;\">Svinjski naravni odrezak<\/p>\n<p style=\"font-size: 18px;\">Pommes frites, ajvar<\/p>\n<p style=\"font-size: 22px; margin-top: auto;\">40,00 kn<\/p>\n<\/div>\n<\/div>\n<div class=\"wp-block-columns\">\n<div class=\"wp-block-column\" style=\"flex-basis: 60%;\">\n<figure class=\"wp-block-image size-large\"><img loading=\"lazy\" class=\"alignnone wp-image-131 size-full\" src=\"http:\/\/zvomat.hr\/wp-content\/uploads\/2021\/07\/pilecifilekroketi.jpeg\" alt=\"\" width=\"800\" height=\"450\" srcset=\"https:\/\/zvomat.hr\/wp-content\/uploads\/2021\/07\/pilecifilekroketi.jpeg 800w, https:\/\/zvomat.hr\/wp-content\/uploads\/2021\/07\/pilecifilekroketi-300x169.jpeg 300w, https:\/\/zvomat.hr\/wp-content\/uploads\/2021\/07\/pilecifilekroketi-768x432.jpeg 768w, https:\/\/zvomat.hr\/wp-content\/uploads\/2021\/07\/pilecifilekroketi-600x338.jpeg 600w\" sizes=\"(max-width: 800px) 100vw, 800px\" \/><\/figure>\n<\/div>\n<div class=\"wp-block-column\" style=\"flex-basis: 40%;\">\n<p style=\"font-size: 26px;\">Pile\u0107i file sa \u017eara<\/p>\n<p style=\"font-size: 18px;\">Kroketi<\/p>\n<p style=\"font-size: 22px; margin-top: auto;\">40,00 kn<\/p>\n<\/div>\n<\/div>\n<div class=\"wp-block-columns\">\n<div class=\"wp-block-column\" style=\"flex-basis: 60%;\">\n<figure class=\"wp-block-image size-large\"><img loading=\"lazy\" class=\"alignnone wp-image-132 size-full\" src=\"http:\/\/zvomat.hr\/wp-content\/uploads\/2021\/07\/pilecibeckipomfrit.jpeg\" alt=\"\" width=\"800\" height=\"450\" srcset=\"https:\/\/zvomat.hr\/wp-content\/uploads\/2021\/07\/pilecibeckipomfrit.jpeg 800w, https:\/\/zvomat.hr\/wp-content\/uploads\/2021\/07\/pilecibeckipomfrit-300x169.jpeg 300w, https:\/\/zvomat.hr\/wp-content\/uploads\/2021\/07\/pilecibeckipomfrit-768x432.jpeg 768w, https:\/\/zvomat.hr\/wp-content\/uploads\/2021\/07\/pilecibeckipomfrit-600x338.jpeg 600w\" sizes=\"(max-width: 800px) 100vw, 800px\" \/><\/figure>\n<\/div>\n<div class=\"wp-block-column\" style=\"flex-basis: 40%;\">\n<p style=\"font-size: 26px;\">Pile\u0107i be\u010dki odrezak<\/p>\n<p style=\"font-size: 18px;\">Pommes frites, tartar<\/p>\n<p style=\"font-size: 22px; margin-top: auto;\">40,00 kn<\/p>\n<\/div>\n<\/div>\n<div class=\"wp-block-columns\">\n<div class=\"wp-block-column\" style=\"flex-basis: 60%;\">\n<figure class=\"wp-block-image size-large\"><img loading=\"lazy\" class=\"alignnone wp-image-133 size-full\" src=\"http:\/\/zvomat.hr\/wp-content\/uploads\/2021\/07\/svinjskibecki.jpeg\" alt=\"\" width=\"800\" height=\"450\" srcset=\"https:\/\/zvomat.hr\/wp-content\/uploads\/2021\/07\/svinjskibecki.jpeg 800w, https:\/\/zvomat.hr\/wp-content\/uploads\/2021\/07\/svinjskibecki-300x169.jpeg 300w, https:\/\/zvomat.hr\/wp-content\/uploads\/2021\/07\/svinjskibecki-768x432.jpeg 768w, https:\/\/zvomat.hr\/wp-content\/uploads\/2021\/07\/svinjskibecki-600x338.jpeg 600w\" sizes=\"(max-width: 800px) 100vw, 800px\" \/><\/figure>\n<\/div>\n<div class=\"wp-block-column\" style=\"flex-basis: 40%;\">\n<p style=\"font-size: 26px;\">Svinjski be\u010dki odrezak<\/p>\n<p style=\"font-size: 18px;\">Pommes frites, tartar<\/p>\n<p style=\"font-size: 22px; margin-top: auto;\">40,00 kn<\/p>\n<\/div>\n<\/div>\n<div class=\"wp-block-columns\">\n<div class=\"wp-block-column\" style=\"flex-basis: 60%;\">\n<figure class=\"wp-block-image size-large\"><img loading=\"lazy\" class=\"alignnone wp-image-135 size-full\" src=\"http:\/\/zvomat.hr\/wp-content\/uploads\/2021\/07\/svinjskizagrebacki.jpeg\" alt=\"\" width=\"800\" height=\"450\" srcset=\"https:\/\/zvomat.hr\/wp-content\/uploads\/2021\/07\/svinjskizagrebacki.jpeg 800w, https:\/\/zvomat.hr\/wp-content\/uploads\/2021\/07\/svinjskizagrebacki-300x169.jpeg 300w, https:\/\/zvomat.hr\/wp-content\/uploads\/2021\/07\/svinjskizagrebacki-768x432.jpeg 768w, https:\/\/zvomat.hr\/wp-content\/uploads\/2021\/07\/svinjskizagrebacki-600x338.jpeg 600w\" sizes=\"(max-width: 800px) 100vw, 800px\" \/><\/figure>\n<\/div>\n<div class=\"wp-block-column\" style=\"flex-basis: 40%;\">\n<p style=\"font-size: 26px;\">Svinjski zagreba\u010dki odrezak<\/p>\n<p style=\"font-size: 18px;\">Pommes frites, tartar<\/p>\n<p style=\"font-size: 22px; margin-top: auto;\">40,00 kn<\/p>\n<\/div>\n<\/div>\n<div class=\"wp-block-columns\">\n<div class=\"wp-block-column\" style=\"flex-basis: 60%;\">\n<figure class=\"wp-block-image size-large\"><img loading=\"lazy\" class=\"alignnone wp-image-136 size-full\" src=\"http:\/\/zvomat.hr\/wp-content\/uploads\/2021\/07\/pohanisir.jpeg\" alt=\"\" width=\"800\" height=\"450\" srcset=\"https:\/\/zvomat.hr\/wp-content\/uploads\/2021\/07\/pohanisir.jpeg 800w, https:\/\/zvomat.hr\/wp-content\/uploads\/2021\/07\/pohanisir-300x169.jpeg 300w, https:\/\/zvomat.hr\/wp-content\/uploads\/2021\/07\/pohanisir-768x432.jpeg 768w, https:\/\/zvomat.hr\/wp-content\/uploads\/2021\/07\/pohanisir-600x338.jpeg 600w\" sizes=\"(max-width: 800px) 100vw, 800px\" \/><\/figure>\n<\/div>\n<div class=\"wp-block-column\" style=\"flex-basis: 40%;\">\n<p style=\"font-size: 26px;\">Pohani sir<\/p>\n<p style=\"font-size: 18px;\">Pommes frites, tartar<\/p>\n<p style=\"font-size: 22px; margin-top: auto;\">40,00 kn<\/p>\n<\/div>\n<\/div>\n<div class=\"wp-block-columns\">\n<div class=\"wp-block-column\" style=\"flex-basis: 60%;\">\n<figure class=\"wp-block-image size-large\"><img loading=\"lazy\" class=\"alignnone wp-image-137 size-full\" src=\"http:\/\/zvomat.hr\/wp-content\/uploads\/2021\/07\/pohanioslicpomfrit.jpeg\" alt=\"\" width=\"800\" height=\"451\" srcset=\"https:\/\/zvomat.hr\/wp-content\/uploads\/2021\/07\/pohanioslicpomfrit.jpeg 800w, https:\/\/zvomat.hr\/wp-content\/uploads\/2021\/07\/pohanioslicpomfrit-300x169.jpeg 300w, https:\/\/zvomat.hr\/wp-content\/uploads\/2021\/07\/pohanioslicpomfrit-768x433.jpeg 768w, https:\/\/zvomat.hr\/wp-content\/uploads\/2021\/07\/pohanioslicpomfrit-600x338.jpeg 600w\" sizes=\"(max-width: 800px) 100vw, 800px\" \/><\/figure>\n<\/div>\n<div class=\"wp-block-column\" style=\"flex-basis: 40%;\">\n<p style=\"font-size: 26px;\">Panirani file osli\u0107a<\/p>\n<p style=\"font-size: 18px;\">Pommes frites, tartar<\/p>\n<p style=\"font-size: 22px; margin-top: auto;\">40,00 kn<\/p>\n<\/div>\n<\/div>\n","protected":false},"excerpt":{"rendered":"<p>Cordon bleu Pommes frites, tartar 40,00 kn Tortelini 40,00 kn Svinjski ra\u017enji\u0107i Pommes frites, ajvar 40,00 kn Kotlet s ro\u0161tilja Pommes frites, ajvar 40,00 kn Pile\u0107i ra\u017enji\u0107i Kuhano povr\u0107e 40,00 kn Svinjski naravni odrezak Pommes frites, ajvar 40,00 kn Pile\u0107i file sa \u017eara Kroketi 40,00 kn Pile\u0107i be\u010dki odrezak Pommes frites, tartar 40,00 kn Svinjski [&hellip;]<\/p>\n","protected":false},"author":1,"featured_media":0,"parent":0,"menu_order":0,"comment_status":"closed","ping_status":"closed","template":"","meta":[],"_links":{"self":[{"href":"https:\/\/zvomat.hr\/index.php?rest_route=\/wp\/v2\/pages\/41"}],"collection":[{"href":"https:\/\/zvomat.hr\/index.php?rest_route=\/wp\/v2\/pages"}],"about":[{"href":"https:\/\/zvomat.hr\/index.php?rest_route=\/wp\/v2\/types\/page"}],"author":[{"embeddable":true,"href":"https:\/\/zvomat.hr\/index.php?rest_route=\/wp\/v2\/users\/1"}],"replies":[{"embeddable":true,"href":"https:\/\/zvomat.hr\/index.php?rest_route=%2Fwp%2Fv2%2Fcomments&post=41"}],"version-history":[{"count":34,"href":"https:\/\/zvomat.hr\/index.php?rest_route=\/wp\/v2\/pages\/41\/revisions"}],"predecessor-version":[{"id":147,"href":"https:\/\/zvomat.hr\/index.php?rest_route=\/wp\/v2\/pages\/41\/revisions\/147"}],"wp:attachment":[{"href":"https:\/\/zvomat.hr\/index.php?rest_route=%2Fwp%2Fv2%2Fmedia&parent=41"}],"curies":[{"name":"wp","href":"https:\/\/api.w.org\/{rel}","templated":true}]}}