{"id":26,"date":"2021-07-09T20:19:49","date_gmt":"2021-07-09T20:19:49","guid":{"rendered":"http:\/\/zvomat.hr\/?page_id=26"},"modified":"2022-03-02T22:56:15","modified_gmt":"2022-03-02T22:56:15","slug":"dostava","status":"publish","type":"page","link":"https:\/\/zvomat.hr\/?page_id=26","title":{"rendered":"Dostava"},"content":{"rendered":"\n<div class=\"wp-block-columns\">\n<div class=\"wp-block-column\" style=\"flex-basis:66.66%\">\n<figure class=\"wp-block-image size-large\"><img src=\"https:\/\/upload.wikimedia.org\/wikipedia\/en\/thumb\/8\/82\/Glovo_logo.svg\/1200px-Glovo_logo.svg.png\" alt=\"\"\/><\/figure>\n<\/div>\n\n\n\n<div class=\"wp-block-column\" style=\"flex-basis:33.33%\">\n<p>Trenutno nemamo vlastitu dostavu, ali zato nas mo\u017eete prona\u0107i drugdje!<\/p>\n\n\n\n<p><a href=\"https:\/\/glovoapp.com\/\" data-type=\"URL\" data-id=\"https:\/\/glovoapp.com\/\">Na\u0111ite nas na Glovo!<\/a><\/p>\n<\/div>\n<\/div>\n\n\n\n<p><\/p>\n","protected":false},"excerpt":{"rendered":"<p>Trenutno nemamo vlastitu dostavu, ali zato nas mo\u017eete prona\u0107i drugdje! Na\u0111ite nas na Glovo!<\/p>\n","protected":false},"author":1,"featured_media":0,"parent":0,"menu_order":0,"comment_status":"closed","ping_status":"closed","template":"","meta":[],"_links":{"self":[{"href":"https:\/\/zvomat.hr\/index.php?rest_route=\/wp\/v2\/pages\/26"}],"collection":[{"href":"https:\/\/zvomat.hr\/index.php?rest_route=\/wp\/v2\/pages"}],"about":[{"href":"https:\/\/zvomat.hr\/index.php?rest_route=\/wp\/v2\/types\/page"}],"author":[{"embeddable":true,"href":"https:\/\/zvomat.hr\/index.php?rest_route=\/wp\/v2\/users\/1"}],"replies":[{"embeddable":true,"href":"https:\/\/zvomat.hr\/index.php?rest_route=%2Fwp%2Fv2%2Fcomments&post=26"}],"version-history":[{"count":14,"href":"https:\/\/zvomat.hr\/index.php?rest_route=\/wp\/v2\/pages\/26\/revisions"}],"predecessor-version":[{"id":190,"href":"https:\/\/zvomat.hr\/index.php?rest_route=\/wp\/v2\/pages\/26\/revisions\/190"}],"wp:attachment":[{"href":"https:\/\/zvomat.hr\/index.php?rest_route=%2Fwp%2Fv2%2Fmedia&parent=26"}],"curies":[{"name":"wp","href":"https:\/\/api.w.org\/{rel}","templated":true}]}}